{"id":652,"date":"2020-02-23T19:24:12","date_gmt":"2020-02-23T19:24:12","guid":{"rendered":"http:\/\/schokonase.com\/?page_id=652"},"modified":"2025-02-22T16:47:45","modified_gmt":"2025-02-22T16:47:45","slug":"ueber-mich","status":"publish","type":"page","link":"https:\/\/schokonase.com\/?page_id=652","title":{"rendered":"\u00dcber mich"},"content":{"rendered":"\n<p>Ich wohne mit meiner Familie in einem sch\u00f6nen und ruhigen Teilort von Ulm, in direkter Nachbarschaft zum Alb-Donau-Kreis. Zu meinem Haushalt geh\u00f6rt mein Mann, der meinen &#8220;Dalmatinerspleen&#8221; tapfer und geduldig mittr\u00e4gt, mein Sohn und meine Tochter (mein erster Sohn steht auf eigenen Beinen), 2 Russisch blau Katzen und nat\u00fcrlich Akito.<\/p>\n\n\n\n<p>Schon als kleines M\u00e4dchen habe ich mich in diese Rasse verliebt, tr\u00e4umte von meinem eigenen Dalmatiner und diese Liebe h\u00e4lt bis heute. Mittlerweile bin ich \u00dc40 \ud83d\ude42<\/p>\n\n\n\n<p>Meinen Traum konnte ich mir am 25.08.2018 erf\u00fcllen, an diesem Tag haben wir unseren Akito aus der Zuchtst\u00e4tte &#8220;Sweet chocolate Dots&#8221; von Madeleine Eichkorn abgeholt.<\/p>\n\n\n\n<p><\/p>\n\n\n\n<div class=\"wp-block-image is-style-circle-mask\"><figure class=\"aligncenter size-large is-resized\"><img loading=\"lazy\" src=\"http:\/\/schokonase.com\/wp-content\/uploads\/2020\/02\/Screenshot_20200223_203409-759x1024.jpg\" alt=\"\" class=\"wp-image-663\" width=\"345\" height=\"465\" srcset=\"https:\/\/schokonase.com\/wp-content\/uploads\/2020\/02\/Screenshot_20200223_203409-759x1024.jpg 759w, https:\/\/schokonase.com\/wp-content\/uploads\/2020\/02\/Screenshot_20200223_203409-222x300.jpg 222w, https:\/\/schokonase.com\/wp-content\/uploads\/2020\/02\/Screenshot_20200223_203409-768x1036.jpg 768w, https:\/\/schokonase.com\/wp-content\/uploads\/2020\/02\/Screenshot_20200223_203409-44x60.jpg 44w, https:\/\/schokonase.com\/wp-content\/uploads\/2020\/02\/Screenshot_20200223_203409.jpg 1080w\" sizes=\"(max-width: 345px) 100vw, 345px\" \/><\/figure><\/div>\n\n\n\n<figure class=\"wp-block-image size-large\"><img loading=\"lazy\" width=\"1024\" height=\"683\" src=\"http:\/\/schokonase.com\/wp-content\/uploads\/2020\/04\/020A770_Web-1024x683.jpg\" alt=\"\" class=\"wp-image-808\" srcset=\"https:\/\/schokonase.com\/wp-content\/uploads\/2020\/04\/020A770_Web-1024x683.jpg 1024w, https:\/\/schokonase.com\/wp-content\/uploads\/2020\/04\/020A770_Web-300x200.jpg 300w, https:\/\/schokonase.com\/wp-content\/uploads\/2020\/04\/020A770_Web-768x512.jpg 768w, https:\/\/schokonase.com\/wp-content\/uploads\/2020\/04\/020A770_Web-1536x1024.jpg 1536w, https:\/\/schokonase.com\/wp-content\/uploads\/2020\/04\/020A770_Web-2048x1365.jpg 2048w\" sizes=\"(max-width: 1024px) 100vw, 1024px\" \/><figcaption>Wir, Bodensee am 02.03.2019<\/figcaption><\/figure>\n","protected":false},"excerpt":{"rendered":"<p>Ich wohne mit meiner Familie in einem sch\u00f6nen und ruhigen Teilort von Ulm, in direkter Nachbarschaft zum Alb-Donau-Kreis. Zu meinem Haushalt geh\u00f6rt mein Mann, der meinen &#8220;Dalmatinerspleen&#8221; tapfer und geduldig mittr\u00e4gt, mein Sohn und meine Tochter (mein erster Sohn steht auf eigenen Beinen), 2 Russisch blau Katzen und nat\u00fcrlich Akito. Schon als kleines M\u00e4dchen habe&hellip;<\/p>\n","protected":false},"author":1,"featured_media":0,"parent":0,"menu_order":0,"comment_status":"closed","ping_status":"closed","template":"","meta":[],"_links":{"self":[{"href":"https:\/\/schokonase.com\/index.php?rest_route=\/wp\/v2\/pages\/652"}],"collection":[{"href":"https:\/\/schokonase.com\/index.php?rest_route=\/wp\/v2\/pages"}],"about":[{"href":"https:\/\/schokonase.com\/index.php?rest_route=\/wp\/v2\/types\/page"}],"author":[{"embeddable":true,"href":"https:\/\/schokonase.com\/index.php?rest_route=\/wp\/v2\/users\/1"}],"replies":[{"embeddable":true,"href":"https:\/\/schokonase.com\/index.php?rest_route=%2Fwp%2Fv2%2Fcomments&post=652"}],"version-history":[{"count":15,"href":"https:\/\/schokonase.com\/index.php?rest_route=\/wp\/v2\/pages\/652\/revisions"}],"predecessor-version":[{"id":1099,"href":"https:\/\/schokonase.com\/index.php?rest_route=\/wp\/v2\/pages\/652\/revisions\/1099"}],"wp:attachment":[{"href":"https:\/\/schokonase.com\/index.php?rest_route=%2Fwp%2Fv2%2Fmedia&parent=652"}],"curies":[{"name":"wp","href":"https:\/\/api.w.org\/{rel}","templated":true}]}}