{"id":637,"date":"2020-02-23T18:56:13","date_gmt":"2020-02-23T18:56:13","guid":{"rendered":"http:\/\/schokonase.com\/?page_id=637"},"modified":"2025-03-01T10:19:21","modified_gmt":"2025-03-01T10:19:21","slug":"akito-2","status":"publish","type":"page","link":"https:\/\/schokonase.com\/?page_id=637","title":{"rendered":"\u00dcber Akito"},"content":{"rendered":"\n<p><strong>Akito&#8217;s Beschreibung und Daten<\/strong><\/p>\n\n\n\n<p>Geboren am 24.06.2018<\/p>\n\n\n\n<p>61,5 cm, 26,4kg<\/p>\n\n\n\n<p>Vollzahniges Scherengebiss<\/p>\n\n\n\n<p>HD A\/A, Spondylose 0, kein Lemontr\u00e4ger<\/p>\n\n\n\n<p>Beidseitig h\u00f6rend<\/p>\n\n\n\n<p>Akito ist ein ruhiger, in sich ruhender R\u00fcde mit einer sportlich schlanken Figur. F\u00fcr jeden Spa\u00df zu haben und mit gro\u00dfer Liebe f\u00fcr lange Spazierg\u00e4nge mit Schn\u00fcffeln ist er ein \u00e4u\u00dferst angenehmer Partner f\u00fcr alle Lebenslagen. Er ist vertr\u00e4glich mit Mensch und Tier, er l\u00e4sst sich nur selten von m\u00e4nnlichen Artgenossen provozieren. Zuhause lebt er mit 2 Katzen und 2 Kaninchen in Aussenhaltung zusammen. Akito ist mittlerweile  aus gesundheitlichen Gr\u00fcnden kastriert.<\/p>\n\n\n<p><!--EndFragment--><\/p>\n\n\n<p><strong>Akito&#8217;s Vater:<\/strong> Double Agent von der Ora Maritima<\/p>\n\n\n\n<figure class=\"wp-block-image size-large\"><img loading=\"lazy\" width=\"768\" height=\"1024\" src=\"http:\/\/schokonase.com\/wp-content\/uploads\/2020\/02\/IMG-20191201-WA0005-768x1024.jpg\" alt=\"\" class=\"wp-image-670\" srcset=\"https:\/\/schokonase.com\/wp-content\/uploads\/2020\/02\/IMG-20191201-WA0005-768x1024.jpg 768w, https:\/\/schokonase.com\/wp-content\/uploads\/2020\/02\/IMG-20191201-WA0005-225x300.jpg 225w, https:\/\/schokonase.com\/wp-content\/uploads\/2020\/02\/IMG-20191201-WA0005-1152x1536.jpg 1152w, https:\/\/schokonase.com\/wp-content\/uploads\/2020\/02\/IMG-20191201-WA0005-45x60.jpg 45w, https:\/\/schokonase.com\/wp-content\/uploads\/2020\/02\/IMG-20191201-WA0005.jpg 1395w\" sizes=\"(max-width: 768px) 100vw, 768px\" \/><\/figure>\n\n\n\n<p><strong>Akito&#8217;s Mutter:<\/strong> Exotic Spots Cinnamon Swirl<\/p>\n\n\n\n<figure class=\"wp-block-image size-large\"><img loading=\"lazy\" width=\"1024\" height=\"1024\" src=\"http:\/\/schokonase.com\/wp-content\/uploads\/2020\/02\/FB_IMG_15825399182910507-1024x1024.jpg\" alt=\"\" class=\"wp-image-674\" srcset=\"https:\/\/schokonase.com\/wp-content\/uploads\/2020\/02\/FB_IMG_15825399182910507-1024x1024.jpg 1024w, https:\/\/schokonase.com\/wp-content\/uploads\/2020\/02\/FB_IMG_15825399182910507-300x300.jpg 300w, https:\/\/schokonase.com\/wp-content\/uploads\/2020\/02\/FB_IMG_15825399182910507-150x150.jpg 150w, https:\/\/schokonase.com\/wp-content\/uploads\/2020\/02\/FB_IMG_15825399182910507-768x768.jpg 768w, https:\/\/schokonase.com\/wp-content\/uploads\/2020\/02\/FB_IMG_15825399182910507-60x60.jpg 60w, https:\/\/schokonase.com\/wp-content\/uploads\/2020\/02\/FB_IMG_15825399182910507.jpg 1068w\" sizes=\"(max-width: 1024px) 100vw, 1024px\" \/><\/figure>\n\n\n\n<p>___________________________________________<\/p>\n","protected":false},"excerpt":{"rendered":"<p>Akito&#8217;s Beschreibung und Daten Geboren am 24.06.2018 61,5 cm, 26,4kg Vollzahniges Scherengebiss HD A\/A, Spondylose 0, kein Lemontr\u00e4ger Beidseitig h\u00f6rend Akito ist ein ruhiger, in sich ruhender R\u00fcde mit einer sportlich schlanken Figur. F\u00fcr jeden Spa\u00df zu haben und mit gro\u00dfer Liebe f\u00fcr lange Spazierg\u00e4nge mit Schn\u00fcffeln ist er ein \u00e4u\u00dferst angenehmer Partner f\u00fcr alle&hellip;<\/p>\n","protected":false},"author":2,"featured_media":0,"parent":0,"menu_order":0,"comment_status":"closed","ping_status":"closed","template":"","meta":[],"_links":{"self":[{"href":"https:\/\/schokonase.com\/index.php?rest_route=\/wp\/v2\/pages\/637"}],"collection":[{"href":"https:\/\/schokonase.com\/index.php?rest_route=\/wp\/v2\/pages"}],"about":[{"href":"https:\/\/schokonase.com\/index.php?rest_route=\/wp\/v2\/types\/page"}],"author":[{"embeddable":true,"href":"https:\/\/schokonase.com\/index.php?rest_route=\/wp\/v2\/users\/2"}],"replies":[{"embeddable":true,"href":"https:\/\/schokonase.com\/index.php?rest_route=%2Fwp%2Fv2%2Fcomments&post=637"}],"version-history":[{"count":39,"href":"https:\/\/schokonase.com\/index.php?rest_route=\/wp\/v2\/pages\/637\/revisions"}],"predecessor-version":[{"id":1107,"href":"https:\/\/schokonase.com\/index.php?rest_route=\/wp\/v2\/pages\/637\/revisions\/1107"}],"wp:attachment":[{"href":"https:\/\/schokonase.com\/index.php?rest_route=%2Fwp%2Fv2%2Fmedia&parent=637"}],"curies":[{"name":"wp","href":"https:\/\/api.w.org\/{rel}","templated":true}]}}