{"id":172,"date":"2019-09-04T19:47:44","date_gmt":"2019-09-04T19:47:44","guid":{"rendered":"http:\/\/schokonase.com\/?page_id=172"},"modified":"2025-03-01T10:13:13","modified_gmt":"2025-03-01T10:13:13","slug":"impressum-2","status":"publish","type":"page","link":"http:\/\/schokonase.com\/?page_id=172","title":{"rendered":"Impressum"},"content":{"rendered":"\n<h1>Diensteanbieter<\/h1>\n\n\n\n<p> Sandra Martschat<\/p>\n\n\n\n<p> Ulmer Weg 1\/2<\/p>\n\n\n\n<p>  89079 Ulm<\/p>\n\n\n\n<h2 id=\"m56\">Kontaktm\u00f6glichkeiten<\/h2>\n\n\n\n<p><strong>E-Mail-Adresse<\/strong>: sandra@martschat.de<\/p>\n\n\n\n<p><strong>Kontaktformular<\/strong>: <code><a href=\"http:\/\/guestbook.schokonase.com\/email.php?id=admin\">siehe G\u00e4stebuch<\/a><\/code><\/p>\n\n\n\n<h2 id=\"m172\">Social Media und andere Onlinepr\u00e4senzen<\/h2>\n\n\n\n<p>Instagram: sandralicious79<\/p>\n\n\n\n<p><\/p>\n\n\n\n<h2 id=\"m65\">Haftungs- und Urheberrechtshinweise<\/h2>\n\n\n\n<p><strong>Links auf fremde Webseiten<\/strong>: Inhalte fremder Webseiten, auf die wir direkt oder indirekt verweisen, liegen au\u00dferhalb unseres Verantwortungsbereiches und machen wir uns nicht zu Eigen. F\u00fcr alle Inhalte und insbesondere f\u00fcr Sch\u00e4den, die aus der Nutzung der in den verlinkten Webseiten aufrufbaren Informationen entstehen, haftet allein der Anbieter der verlinkten Webseiten.<\/p>\n\n\n\n<p><strong>Urheberrechte und Markenrechte<\/strong>: Alle auf dieser Website dargestellten Inhalte, wie Texte, Fotografien, Grafiken, Marken und Warenzeichen sind durch die jeweiligen Schutzrechte (Urheberrechte, Markenrechte) gesch\u00fctzt. Die Verwendung, Vervielf\u00e4ltigung usw. unterliegen unseren Rechten oder den Rechten der jeweiligen Urheber bzw. Rechteverwalter.<\/p>\n\n\n\n<p><strong>Hinweise auf Rechtsverst\u00f6\u00dfe<\/strong>: Sollten Sie innerhalb unseres Internetauftritts Rechtsverst\u00f6\u00dfe bemerken, bitten wir Sie uns auf diese hinzuweisen. Wir werden rechtswidrige Inhalte und Links nach Kenntnisnahme unverz\u00fcglich entfernen.<\/p>\n\n\n\n<h2 id=\"m169\">Bildnachweise<\/h2>\n\n\n\n<p> Die Bilder, Fotos und Grafiken auf dieser Webseite sind urheberrechtlich gesch\u00fctzt. Die Bilderrechte liegen bei den angegebenen Fotografen oder Sandra Martschat.<\/p>\n\n\n\n<p class=\"seal\"><a href=\"https:\/\/datenschutz-generator.de\/?l=de\" title=\"Rechtstext von Dr. Schwenke - f\u00fcr weitere Informationen bitte anklicken.\" target=\"_blank\" rel=\"noopener noreferrer\">Erstellt mit Datenschutz-Generator.de von Dr. jur. Thomas Schwenke<\/a><\/p>\n","protected":false},"excerpt":{"rendered":"<p>Diensteanbieter Sandra Martschat Ulmer Weg 1\/2 89079 Ulm Kontaktm\u00f6glichkeiten E-Mail-Adresse: sandra@martschat.de Kontaktformular: siehe G\u00e4stebuch Social Media und andere Onlinepr\u00e4senzen Instagram: sandralicious79 Haftungs- und Urheberrechtshinweise Links auf fremde Webseiten: Inhalte fremder Webseiten, auf die wir direkt oder indirekt verweisen, liegen au\u00dferhalb unseres Verantwortungsbereiches und machen wir uns nicht zu Eigen. F\u00fcr alle Inhalte und insbesondere f\u00fcr&hellip;<\/p>\n","protected":false},"author":1,"featured_media":0,"parent":0,"menu_order":0,"comment_status":"closed","ping_status":"closed","template":"","meta":[],"_links":{"self":[{"href":"http:\/\/schokonase.com\/index.php?rest_route=\/wp\/v2\/pages\/172"}],"collection":[{"href":"http:\/\/schokonase.com\/index.php?rest_route=\/wp\/v2\/pages"}],"about":[{"href":"http:\/\/schokonase.com\/index.php?rest_route=\/wp\/v2\/types\/page"}],"author":[{"embeddable":true,"href":"http:\/\/schokonase.com\/index.php?rest_route=\/wp\/v2\/users\/1"}],"replies":[{"embeddable":true,"href":"http:\/\/schokonase.com\/index.php?rest_route=%2Fwp%2Fv2%2Fcomments&post=172"}],"version-history":[{"count":12,"href":"http:\/\/schokonase.com\/index.php?rest_route=\/wp\/v2\/pages\/172\/revisions"}],"predecessor-version":[{"id":1104,"href":"http:\/\/schokonase.com\/index.php?rest_route=\/wp\/v2\/pages\/172\/revisions\/1104"}],"wp:attachment":[{"href":"http:\/\/schokonase.com\/index.php?rest_route=%2Fwp%2Fv2%2Fmedia&parent=172"}],"curies":[{"name":"wp","href":"https:\/\/api.w.org\/{rel}","templated":true}]}}